{"id":1522,"date":"2024-10-22T23:32:18","date_gmt":"2024-10-22T23:32:18","guid":{"rendered":"https:\/\/acront.com\/?page_id=1522"},"modified":"2024-10-22T23:45:38","modified_gmt":"2024-10-22T23:45:38","slug":"industries-and-solutions","status":"publish","type":"page","link":"https:\/\/acront.com\/es\/industries-and-solutions\/","title":{"rendered":"Industrias y Soluciones"},"content":{"rendered":"<div data-elementor-type=\"wp-page\" data-elementor-id=\"1522\" class=\"elementor elementor-1522\" data-elementor-post-type=\"page\">\n\t\t\t\t\t\t<section class=\"elementor-section elementor-top-section elementor-element elementor-element-11fee0b8 elementor-section-boxed elementor-section-height-default elementor-section-height-default\" data-id=\"11fee0b8\" data-element_type=\"section\" data-settings=\"{&quot;background_background&quot;:&quot;classic&quot;}\">\n\t\t\t\t\t\t\t<div class=\"elementor-background-overlay\"><\/div>\n\t\t\t\t\t\t\t<div class=\"elementor-container elementor-column-gap-no\">\n\t\t\t\t\t<div class=\"elementor-column elementor-col-100 elementor-top-column elementor-element elementor-element-6de0ee15\" data-id=\"6de0ee15\" data-element_type=\"column\">\n\t\t\t<div class=\"elementor-widget-wrap elementor-element-populated\">\n\t\t\t\t\t\t<section class=\"elementor-section elementor-inner-section elementor-element elementor-element-1645d5a2 elementor-section-full_width elementor-section-height-default elementor-section-height-default\" data-id=\"1645d5a2\" data-element_type=\"section\">\n\t\t\t\t\t\t<div class=\"elementor-container elementor-column-gap-no\">\n\t\t\t\t\t<div class=\"elementor-column elementor-col-100 elementor-inner-column elementor-element elementor-element-67fdc32a\" data-id=\"67fdc32a\" data-element_type=\"column\">\n\t\t\t<div class=\"elementor-widget-wrap elementor-element-populated\">\n\t\t\t\t\t\t<div class=\"elementor-element elementor-element-62222389 elementor-widget elementor-widget-heading\" data-id=\"62222389\" data-element_type=\"widget\" data-widget_type=\"heading.default\">\n\t\t\t\t<div class=\"elementor-widget-container\">\n\t\t\t\t\t<h2 class=\"elementor-heading-title elementor-size-default\">Industrias<\/h2>\t\t\t\t<\/div>\n\t\t\t\t<\/div>\n\t\t\t\t<div class=\"elementor-element elementor-element-6becaa4 elementor-widget__width-initial elementor-widget elementor-widget-heading\" data-id=\"6becaa4\" data-element_type=\"widget\" data-widget_type=\"heading.default\">\n\t\t\t\t<div class=\"elementor-widget-container\">\n\t\t\t\t\t<h1 class=\"elementor-heading-title elementor-size-default\">Aplicaci\u00f3n en industrias peque\u00f1as, medianas y grandes.<\/h1>\t\t\t\t<\/div>\n\t\t\t\t<\/div>\n\t\t\t\t\t<\/div>\n\t\t<\/div>\n\t\t\t\t\t<\/div>\n\t\t<\/section>\n\t\t\t\t<div class=\"elementor-element elementor-element-743eb04 elementor--h-position-left elementor--v-position-middle elementor-pagination-position-inside elementor-widget elementor-widget-slides\" data-id=\"743eb04\" data-element_type=\"widget\" data-settings=\"{&quot;navigation&quot;:&quot;dots&quot;,&quot;transition&quot;:&quot;fade&quot;,&quot;autoplay&quot;:&quot;yes&quot;,&quot;pause_on_hover&quot;:&quot;yes&quot;,&quot;pause_on_interaction&quot;:&quot;yes&quot;,&quot;autoplay_speed&quot;:5000,&quot;infinite&quot;:&quot;yes&quot;,&quot;transition_speed&quot;:500}\" data-widget_type=\"slides.default\">\n\t\t\t\t<div class=\"elementor-widget-container\">\n\t\t\t\t\t\t\t<div class=\"elementor-swiper\">\n\t\t\t<div class=\"elementor-slides-wrapper elementor-main-swiper swiper\" dir=\"ltr\" data-animation=\"\">\n\t\t\t\t<div class=\"swiper-wrapper elementor-slides\">\n\t\t\t\t\t\t\t\t\t\t<div class=\"elementor-repeater-item-0227196 swiper-slide\"><div class=\"swiper-slide-bg\" role=\"img\"><\/div><div class=\"swiper-slide-inner\" ><div class=\"swiper-slide-contents\"><div class=\"elementor-slide-heading\">Aeroespacial<\/div><div class=\"elementor-slide-description\">La industria aeroespacial se ocupa del dise\u00f1o, la fabricaci\u00f3n, la comercializaci\u00f3n y el mantenimiento de aeronaves, naves espaciales y cohetes, as\u00ed como de equipos espec\u00edficos asociados.<\/div><\/div><\/div><\/div><div class=\"elementor-repeater-item-1d424f8 swiper-slide\"><div class=\"swiper-slide-bg\" role=\"img\"><\/div><div class=\"swiper-slide-inner\" ><div class=\"swiper-slide-contents\"><div class=\"elementor-slide-heading\">Automotriz<\/div><div class=\"elementor-slide-description\">La industria automotriz es un grupo de empresas y organizaciones involucradas en las \u00e1reas de dise\u00f1o, desarrollo, fabricaci\u00f3n, comercializaci\u00f3n y ventas de autom\u00f3viles. <\/div><\/div><\/div><\/div><div class=\"elementor-repeater-item-69be541 swiper-slide\"><div class=\"swiper-slide-bg\" role=\"img\"><\/div><div class=\"swiper-slide-inner\" ><div class=\"swiper-slide-contents\"><div class=\"elementor-slide-heading\">Pl\u00e1stico<\/div><div class=\"elementor-slide-description\">La industria del pl\u00e1stico se especializa en la producci\u00f3n de materiales a base de pol\u00edmeros, incluidos envases, piezas de autom\u00f3viles y bienes de consumo. Se centra en la innovaci\u00f3n en reciclabilidad y biopl\u00e1sticos.<\/div><\/div><\/div><\/div><div class=\"elementor-repeater-item-b512527 swiper-slide\"><div class=\"swiper-slide-bg\" role=\"img\"><\/div><div class=\"swiper-slide-inner\" ><div class=\"swiper-slide-contents\"><div class=\"elementor-slide-heading\">Electrodom\u00e9sticos<\/div><div class=\"elementor-slide-description\">La industria de electrodom\u00e9sticos produce grandes electrodom\u00e9sticos como refrigeradores y lavadoras, integrando tecnolog\u00eda inteligente y eficiencia energ\u00e9tica.<\/div><\/div><\/div><\/div><div class=\"elementor-repeater-item-d5c9b5b swiper-slide\"><div class=\"swiper-slide-bg\" role=\"img\"><\/div><div class=\"swiper-slide-inner\" ><div class=\"swiper-slide-contents\"><div class=\"elementor-slide-heading\">Electr\u00f3nica<\/div><div class=\"elementor-slide-description\">Esta industria produce dispositivos y componentes electr\u00f3nicos, incluidos semiconductores y tel\u00e9fonos m\u00f3viles, impulsando la innovaci\u00f3n tecnol\u00f3gica y la conectividad.<\/div><\/div><\/div><\/div><div class=\"elementor-repeater-item-f80a494 swiper-slide\"><div class=\"swiper-slide-bg\" role=\"img\"><\/div><div class=\"swiper-slide-inner\" ><div class=\"swiper-slide-contents\"><div class=\"elementor-slide-heading\">Textil<\/div><div class=\"elementor-slide-description\">La industria textil se ocupa de la producci\u00f3n de fibras, hilos y tejidos, centr\u00e1ndose en la artesan\u00eda y las pr\u00e1cticas sostenibles en las cadenas de suministro globales.<\/div><\/div><\/div><\/div><div class=\"elementor-repeater-item-460d7de swiper-slide\"><div class=\"swiper-slide-bg\" role=\"img\"><\/div><div class=\"swiper-slide-inner\" ><div class=\"swiper-slide-contents\"><div class=\"elementor-slide-heading\">Metal\u00fargica y minera<\/div><div class=\"elementor-slide-description\">Este sector extrae y procesa metales y minerales, suministrando materiales esenciales para la construcci\u00f3n y la fabricaci\u00f3n, al tiempo que mejora la sostenibilidad.<\/div><\/div><\/div><\/div>\t\t\t\t<\/div>\n\t\t\t\t\t\t\t\t\t\t\t\t\t\t\t<div class=\"swiper-pagination\"><\/div>\n\t\t\t\t\t\t\t\t\t\t\t\t\t\t\t\t\t<\/div>\n\t\t<\/div>\n\t\t\t\t\t\t<\/div>\n\t\t\t\t<\/div>\n\t\t\t\t\t<\/div>\n\t\t<\/div>\n\t\t\t\t\t<\/div>\n\t\t<\/section>\n\t\t\t\t<section class=\"elementor-section elementor-top-section elementor-element elementor-element-a9fd62f elementor-section-content-middle elementor-section-boxed elementor-section-height-default elementor-section-height-default\" data-id=\"a9fd62f\" data-element_type=\"section\" data-settings=\"{&quot;background_background&quot;:&quot;classic&quot;}\">\n\t\t\t\t\t\t<div class=\"elementor-container elementor-column-gap-default\">\n\t\t\t\t\t<div class=\"elementor-column elementor-col-100 elementor-top-column elementor-element elementor-element-a5ba211\" data-id=\"a5ba211\" data-element_type=\"column\">\n\t\t\t<div class=\"elementor-widget-wrap elementor-element-populated\">\n\t\t\t\t\t\t<div class=\"elementor-element elementor-element-81ae8b4 elementor-widget__width-initial elementor-widget elementor-widget-heading\" data-id=\"81ae8b4\" data-element_type=\"widget\" data-widget_type=\"heading.default\">\n\t\t\t\t<div class=\"elementor-widget-container\">\n\t\t\t\t\t<h2 class=\"elementor-heading-title elementor-size-default\">Utilizamos tecnolog\u00eda de punta para crear soluciones adaptadas a tus necesidades.<\/h2>\t\t\t\t<\/div>\n\t\t\t\t<\/div>\n\t\t\t\t<section class=\"elementor-section elementor-inner-section elementor-element elementor-element-4d92ed5 elementor-section-boxed elementor-section-height-default elementor-section-height-default\" data-id=\"4d92ed5\" data-element_type=\"section\">\n\t\t\t\t\t\t<div class=\"elementor-container elementor-column-gap-default\">\n\t\t\t\t\t<div class=\"elementor-column elementor-col-25 elementor-inner-column elementor-element elementor-element-db4930d\" data-id=\"db4930d\" data-element_type=\"column\">\n\t\t\t<div class=\"elementor-widget-wrap elementor-element-populated\">\n\t\t\t\t\t\t<div class=\"elementor-element elementor-element-8038e38 elementor-position-top elementor-widget elementor-widget-image-box\" data-id=\"8038e38\" data-element_type=\"widget\" data-widget_type=\"image-box.default\">\n\t\t\t\t<div class=\"elementor-widget-container\">\n\t\t\t\t\t<div class=\"elementor-image-box-wrapper\"><figure class=\"elementor-image-box-img\"><img fetchpriority=\"high\" decoding=\"async\" width=\"434\" height=\"434\" src=\"https:\/\/acront.com\/wp-content\/uploads\/2024\/09\/Icon_07.png\" class=\"attachment-full size-full wp-image-373\" alt=\"\" srcset=\"https:\/\/acront.com\/wp-content\/uploads\/2024\/09\/Icon_07.png 434w, https:\/\/acront.com\/wp-content\/uploads\/2024\/09\/Icon_07-300x300.png 300w, https:\/\/acront.com\/wp-content\/uploads\/2024\/09\/Icon_07-150x150.png 150w\" sizes=\"(max-width: 434px) 100vw, 434px\" \/><\/figure><div class=\"elementor-image-box-content\"><h3 class=\"elementor-image-box-title\">MES<\/h3><p class=\"elementor-image-box-description\">Sistemas de Ejecuci\u00f3n de Fabricaci\u00f3n<\/p><\/div><\/div>\t\t\t\t<\/div>\n\t\t\t\t<\/div>\n\t\t\t\t\t<\/div>\n\t\t<\/div>\n\t\t\t\t<div class=\"elementor-column elementor-col-25 elementor-inner-column elementor-element elementor-element-79ac1fc\" data-id=\"79ac1fc\" data-element_type=\"column\">\n\t\t\t<div class=\"elementor-widget-wrap elementor-element-populated\">\n\t\t\t\t\t\t<div class=\"elementor-element elementor-element-2701910 elementor-position-top elementor-position-top elementor-widget elementor-widget-image-box\" data-id=\"2701910\" data-element_type=\"widget\" data-widget_type=\"image-box.default\">\n\t\t\t\t<div class=\"elementor-widget-container\">\n\t\t\t\t\t<div class=\"elementor-image-box-wrapper\"><figure class=\"elementor-image-box-img\"><img decoding=\"async\" width=\"434\" height=\"434\" src=\"https:\/\/acront.com\/wp-content\/uploads\/2024\/09\/Icon_08.png\" class=\"attachment-full size-full wp-image-374\" alt=\"\" srcset=\"https:\/\/acront.com\/wp-content\/uploads\/2024\/09\/Icon_08.png 434w, https:\/\/acront.com\/wp-content\/uploads\/2024\/09\/Icon_08-300x300.png 300w, https:\/\/acront.com\/wp-content\/uploads\/2024\/09\/Icon_08-150x150.png 150w\" sizes=\"(max-width: 434px) 100vw, 434px\" \/><\/figure><div class=\"elementor-image-box-content\"><h3 class=\"elementor-image-box-title\">IIOT<\/h3><p class=\"elementor-image-box-description\">Internet Industrial de las Cosas<\/p><\/div><\/div>\t\t\t\t<\/div>\n\t\t\t\t<\/div>\n\t\t\t\t\t<\/div>\n\t\t<\/div>\n\t\t\t\t<div class=\"elementor-column elementor-col-25 elementor-inner-column elementor-element elementor-element-bf4d77d\" data-id=\"bf4d77d\" data-element_type=\"column\">\n\t\t\t<div class=\"elementor-widget-wrap elementor-element-populated\">\n\t\t\t\t\t\t<div class=\"elementor-element elementor-element-38b83f2 elementor-position-top elementor-position-top elementor-widget elementor-widget-image-box\" data-id=\"38b83f2\" data-element_type=\"widget\" data-widget_type=\"image-box.default\">\n\t\t\t\t<div class=\"elementor-widget-container\">\n\t\t\t\t\t<div class=\"elementor-image-box-wrapper\"><figure class=\"elementor-image-box-img\"><img decoding=\"async\" width=\"434\" height=\"434\" src=\"https:\/\/acront.com\/wp-content\/uploads\/2024\/09\/Icon_09.png\" class=\"attachment-full size-full wp-image-375\" alt=\"\" srcset=\"https:\/\/acront.com\/wp-content\/uploads\/2024\/09\/Icon_09.png 434w, https:\/\/acront.com\/wp-content\/uploads\/2024\/09\/Icon_09-300x300.png 300w, https:\/\/acront.com\/wp-content\/uploads\/2024\/09\/Icon_09-150x150.png 150w\" sizes=\"(max-width: 434px) 100vw, 434px\" \/><\/figure><div class=\"elementor-image-box-content\"><h3 class=\"elementor-image-box-title\">IA<\/h3><p class=\"elementor-image-box-description\">Inteligencia Artificial<\/p><\/div><\/div>\t\t\t\t<\/div>\n\t\t\t\t<\/div>\n\t\t\t\t\t<\/div>\n\t\t<\/div>\n\t\t\t\t<div class=\"elementor-column elementor-col-25 elementor-inner-column elementor-element elementor-element-b5b2082\" data-id=\"b5b2082\" data-element_type=\"column\">\n\t\t\t<div class=\"elementor-widget-wrap elementor-element-populated\">\n\t\t\t\t\t\t<div class=\"elementor-element elementor-element-daaa7bb elementor-position-top elementor-widget elementor-widget-image-box\" data-id=\"daaa7bb\" data-element_type=\"widget\" data-widget_type=\"image-box.default\">\n\t\t\t\t<div class=\"elementor-widget-container\">\n\t\t\t\t\t<div class=\"elementor-image-box-wrapper\"><figure class=\"elementor-image-box-img\"><img loading=\"lazy\" decoding=\"async\" width=\"434\" height=\"434\" src=\"https:\/\/acront.com\/wp-content\/uploads\/2024\/09\/Icon_10.png\" class=\"attachment-full size-full wp-image-376\" alt=\"\" srcset=\"https:\/\/acront.com\/wp-content\/uploads\/2024\/09\/Icon_10.png 434w, https:\/\/acront.com\/wp-content\/uploads\/2024\/09\/Icon_10-300x300.png 300w, https:\/\/acront.com\/wp-content\/uploads\/2024\/09\/Icon_10-150x150.png 150w\" sizes=\"(max-width: 434px) 100vw, 434px\" \/><\/figure><div class=\"elementor-image-box-content\"><h3 class=\"elementor-image-box-title\">ML<\/h3><p class=\"elementor-image-box-description\">Machine Learning<\/p><\/div><\/div>\t\t\t\t<\/div>\n\t\t\t\t<\/div>\n\t\t\t\t\t<\/div>\n\t\t<\/div>\n\t\t\t\t\t<\/div>\n\t\t<\/section>\n\t\t\t\t\t<\/div>\n\t\t<\/div>\n\t\t\t\t\t<\/div>\n\t\t<\/section>\n\t\t\t\t<section class=\"elementor-section elementor-top-section elementor-element elementor-element-ab43c79 elementor-section-boxed elementor-section-height-default elementor-section-height-default\" data-id=\"ab43c79\" data-element_type=\"section\" id=\"quote\" data-settings=\"{&quot;background_background&quot;:&quot;classic&quot;}\">\n\t\t\t\t\t\t\t<div class=\"elementor-background-overlay\"><\/div>\n\t\t\t\t\t\t\t<div class=\"elementor-container elementor-column-gap-no\">\n\t\t\t\t\t<div class=\"elementor-column elementor-col-100 elementor-top-column elementor-element elementor-element-5e6a38a\" data-id=\"5e6a38a\" data-element_type=\"column\">\n\t\t\t<div class=\"elementor-widget-wrap elementor-element-populated\">\n\t\t\t\t\t\t<section class=\"elementor-section elementor-inner-section elementor-element elementor-element-a94738b elementor-section-full_width elementor-section-height-default elementor-section-height-default\" data-id=\"a94738b\" data-element_type=\"section\">\n\t\t\t\t\t\t<div class=\"elementor-container elementor-column-gap-no\">\n\t\t\t\t\t<div class=\"elementor-column elementor-col-33 elementor-inner-column elementor-element elementor-element-24b03da\" data-id=\"24b03da\" data-element_type=\"column\">\n\t\t\t<div class=\"elementor-widget-wrap elementor-element-populated\">\n\t\t\t\t\t\t<div class=\"elementor-element elementor-element-8829840 elementor-widget elementor-widget-heading\" data-id=\"8829840\" data-element_type=\"widget\" data-widget_type=\"heading.default\">\n\t\t\t\t<div class=\"elementor-widget-container\">\n\t\t\t\t\t<h2 class=\"elementor-heading-title elementor-size-default\">Programe una demostraci\u00f3n<\/h2>\t\t\t\t<\/div>\n\t\t\t\t<\/div>\n\t\t\t\t<div class=\"elementor-element elementor-element-b5aeee3 elementor-widget elementor-widget-text-editor\" data-id=\"b5aeee3\" data-element_type=\"widget\" data-widget_type=\"text-editor.default\">\n\t\t\t\t<div class=\"elementor-widget-container\">\n\t\t\t\t\t\t\t\t\t<p>Descubra c\u00f3mo nuestras soluciones pueden optimizar sus operaciones. Programe una demostraci\u00f3n hoy mismo y compruebe de primera mano c\u00f3mo podemos ayudarle a impulsar la eficiencia y el crecimiento.<\/p>\t\t\t\t\t\t\t\t<\/div>\n\t\t\t\t<\/div>\n\t\t\t\t<div class=\"elementor-element elementor-element-5e0a9ac elementor-shape-circle e-grid-align-left e-grid-align-tablet-center elementor-grid-0 elementor-widget elementor-widget-social-icons\" data-id=\"5e0a9ac\" data-element_type=\"widget\" data-widget_type=\"social-icons.default\">\n\t\t\t\t<div class=\"elementor-widget-container\">\n\t\t\t\t\t\t\t<div class=\"elementor-social-icons-wrapper elementor-grid\">\n\t\t\t\t\t\t\t<span class=\"elementor-grid-item\">\n\t\t\t\t\t<a class=\"elementor-icon elementor-social-icon elementor-social-icon-linkedin elementor-repeater-item-06ffb34\" href=\"https:\/\/www.linkedin.com\/company\/acron-industrial-automation\/posts\/?feedView=all\" target=\"_blank\">\n\t\t\t\t\t\t<span class=\"elementor-screen-only\">Linkedin<\/span>\n\t\t\t\t\t\t<i class=\"fab fa-linkedin\"><\/i>\t\t\t\t\t<\/a>\n\t\t\t\t<\/span>\n\t\t\t\t\t\t\t<span class=\"elementor-grid-item\">\n\t\t\t\t\t<a class=\"elementor-icon elementor-social-icon elementor-social-icon-facebook-f elementor-repeater-item-1d2f6c8\" href=\"https:\/\/www.facebook.com\/profile.php?id=61555589267120\" target=\"_blank\">\n\t\t\t\t\t\t<span class=\"elementor-screen-only\">Facebook-f<\/span>\n\t\t\t\t\t\t<i class=\"fab fa-facebook-f\"><\/i>\t\t\t\t\t<\/a>\n\t\t\t\t<\/span>\n\t\t\t\t\t\t\t<span class=\"elementor-grid-item\">\n\t\t\t\t\t<a class=\"elementor-icon elementor-social-icon elementor-social-icon-envelope elementor-repeater-item-5963876\" href=\"mailto:sales@acront.com\" target=\"_blank\">\n\t\t\t\t\t\t<span class=\"elementor-screen-only\">Envelope<\/span>\n\t\t\t\t\t\t<i class=\"fas fa-envelope\"><\/i>\t\t\t\t\t<\/a>\n\t\t\t\t<\/span>\n\t\t\t\t\t<\/div>\n\t\t\t\t\t\t<\/div>\n\t\t\t\t<\/div>\n\t\t\t\t\t<\/div>\n\t\t<\/div>\n\t\t\t\t<div class=\"elementor-column elementor-col-66 elementor-inner-column elementor-element elementor-element-3154f1b\" data-id=\"3154f1b\" data-element_type=\"column\">\n\t\t\t<div class=\"elementor-widget-wrap elementor-element-populated\">\n\t\t\t\t\t\t<div class=\"elementor-element elementor-element-666a281 elementor-button-align-stretch elementor-widget elementor-widget-form\" data-id=\"666a281\" data-element_type=\"widget\" data-settings=\"{&quot;button_width&quot;:&quot;40&quot;,&quot;step_next_label&quot;:&quot;Next&quot;,&quot;step_previous_label&quot;:&quot;Previous&quot;,&quot;button_width_tablet&quot;:&quot;50&quot;,&quot;step_type&quot;:&quot;number_text&quot;,&quot;step_icon_shape&quot;:&quot;circle&quot;}\" data-widget_type=\"form.default\">\n\t\t\t\t<div class=\"elementor-widget-container\">\n\t\t\t\t\t\t\t<form class=\"elementor-form\" method=\"post\" name=\"Contact_Form\" action=\"\">\n\t\t\t<input type=\"hidden\" name=\"post_id\" value=\"1522\"\/>\n\t\t\t<input type=\"hidden\" name=\"form_id\" value=\"666a281\"\/>\n\t\t\t<input type=\"hidden\" name=\"referer_title\" value=\"\" \/>\n\n\t\t\t\n\t\t\t<div class=\"elementor-form-fields-wrapper elementor-labels-above\">\n\t\t\t\t\t\t\t\t<div class=\"elementor-field-type-text elementor-field-group elementor-column elementor-field-group-name elementor-col-50\">\n\t\t\t\t\t\t\t\t\t\t\t\t<label for=\"form-field-name\" class=\"elementor-field-label\">\n\t\t\t\t\t\t\t\tNombre Completo\t\t\t\t\t\t\t<\/label>\n\t\t\t\t\t\t\t\t\t\t\t\t\t\t<input size=\"1\" type=\"text\" name=\"form_fields[name]\" id=\"form-field-name\" class=\"elementor-field elementor-size-lg  elementor-field-textual\" placeholder=\"Ej. John Taitor\">\n\t\t\t\t\t\t\t\t\t\t\t<\/div>\n\t\t\t\t\t\t\t\t<div class=\"elementor-field-type-email elementor-field-group elementor-column elementor-field-group-email elementor-col-50 elementor-field-required\">\n\t\t\t\t\t\t\t\t\t\t\t\t<label for=\"form-field-email\" class=\"elementor-field-label\">\n\t\t\t\t\t\t\t\tCorreo electr\u00f3nico\t\t\t\t\t\t\t<\/label>\n\t\t\t\t\t\t\t\t\t\t\t\t\t\t<input size=\"1\" type=\"email\" name=\"form_fields[email]\" id=\"form-field-email\" class=\"elementor-field elementor-size-lg  elementor-field-textual\" placeholder=\"example@mail.com\" required=\"required\" aria-required=\"true\">\n\t\t\t\t\t\t\t\t\t\t\t<\/div>\n\t\t\t\t\t\t\t\t<div class=\"elementor-field-type-text elementor-field-group elementor-column elementor-field-group-field_3cc9c6d elementor-col-100 elementor-field-required\">\n\t\t\t\t\t\t\t\t\t\t\t\t<label for=\"form-field-field_3cc9c6d\" class=\"elementor-field-label\">\n\t\t\t\t\t\t\t\tCompa\u00f1\u00eda\t\t\t\t\t\t\t<\/label>\n\t\t\t\t\t\t\t\t\t\t\t\t\t\t<input size=\"1\" type=\"text\" name=\"form_fields[field_3cc9c6d]\" id=\"form-field-field_3cc9c6d\" class=\"elementor-field elementor-size-lg  elementor-field-textual\" placeholder=\"\u00bfPara qu\u00e9 empresa trabaja?\" required=\"required\" aria-required=\"true\">\n\t\t\t\t\t\t\t\t\t\t\t<\/div>\n\t\t\t\t\t\t\t\t<div class=\"elementor-field-type-text elementor-field-group elementor-column elementor-field-group-field_b4eb387 elementor-col-100 elementor-field-required\">\n\t\t\t\t\t\t\t\t\t\t\t\t<label for=\"form-field-field_b4eb387\" class=\"elementor-field-label\">\n\t\t\t\t\t\t\t\tPosici\u00f3n\t\t\t\t\t\t\t<\/label>\n\t\t\t\t\t\t\t\t\t\t\t\t\t\t<input size=\"1\" type=\"text\" name=\"form_fields[field_b4eb387]\" id=\"form-field-field_b4eb387\" class=\"elementor-field elementor-size-lg  elementor-field-textual\" placeholder=\"\u00bfCu\u00e1l es su posici\u00f3n?\" required=\"required\" aria-required=\"true\">\n\t\t\t\t\t\t\t\t\t\t\t<\/div>\n\t\t\t\t\t\t\t\t<div class=\"elementor-field-type-select elementor-field-group elementor-column elementor-field-group-field_2da0ef4 elementor-col-100 elementor-field-required\">\n\t\t\t\t\t\t\t\t\t\t\t\t<label for=\"form-field-field_2da0ef4\" class=\"elementor-field-label\">\n\t\t\t\t\t\t\t\t\u00bfEn qu\u00e9 producto est\u00e1s interesado?\t\t\t\t\t\t\t<\/label>\n\t\t\t\t\t\t\t\t<div class=\"elementor-field elementor-select-wrapper remove-before\">\n\t\t\t<div class=\"select-caret-down-wrapper\">\n\t\t\t\t<i aria-hidden=\"true\" class=\"eicon-caret-down\"><\/i>\t\t\t<\/div>\n\t\t\t<select name=\"form_fields[field_2da0ef4]\" id=\"form-field-field_2da0ef4\" class=\"elementor-field-textual elementor-size-lg\" required=\"required\" aria-required=\"true\">\n\t\t\t\t\t\t\t\t\t<option value=\"Select an option\">Seleccione una opci\u00f3n<\/option>\n\t\t\t\t\t\t\t\t\t<option value=\"SmartAndon\">SmartAndon<\/option>\n\t\t\t\t\t\t\t\t\t<option value=\"SmarTrack\">SmarTrack<\/option>\n\t\t\t\t\t\t\t\t\t<option value=\"SmartMaint\">SmartMaint<\/option>\n\t\t\t\t\t\t\t\t\t<option value=\"SmartWMS\">SmartWMS<\/option>\n\t\t\t\t\t\t\t\t\t<option value=\"VFD\">VFD<\/option>\n\t\t\t\t\t\t\t<\/select>\n\t\t<\/div>\n\t\t\t\t\t\t<\/div>\n\t\t\t\t\t\t\t\t<div class=\"elementor-field-group elementor-column elementor-field-type-submit elementor-col-40 e-form__buttons elementor-md-50\">\n\t\t\t\t\t<button class=\"elementor-button elementor-size-lg elementor-animation-grow\" type=\"submit\">\n\t\t\t\t\t\t<span class=\"elementor-button-content-wrapper\">\n\t\t\t\t\t\t\t\t\t\t\t\t\t\t\t\t\t\t\t\t\t\t<span class=\"elementor-button-text\">Enviar<\/span>\n\t\t\t\t\t\t\t\t\t\t\t\t\t<\/span>\n\t\t\t\t\t<\/button>\n\t\t\t\t<\/div>\n\t\t\t<\/div>\n\t\t<input type=\"hidden\" name=\"trp-form-language\" value=\"es\"\/><\/form>\n\t\t\t\t\t\t<\/div>\n\t\t\t\t<\/div>\n\t\t\t\t\t<\/div>\n\t\t<\/div>\n\t\t\t\t\t<\/div>\n\t\t<\/section>\n\t\t\t\t<div class=\"elementor-element elementor-element-c880bb3 elementor-widget elementor-widget-spacer\" data-id=\"c880bb3\" data-element_type=\"widget\" data-widget_type=\"spacer.default\">\n\t\t\t\t<div class=\"elementor-widget-container\">\n\t\t\t\t\t\t\t<div class=\"elementor-spacer\">\n\t\t\t<div class=\"elementor-spacer-inner\"><\/div>\n\t\t<\/div>\n\t\t\t\t\t\t<\/div>\n\t\t\t\t<\/div>\n\t\t\t\t<div class=\"elementor-element elementor-element-8c05f44 elementor-widget-divider--view-line elementor-widget elementor-widget-divider\" data-id=\"8c05f44\" data-element_type=\"widget\" data-widget_type=\"divider.default\">\n\t\t\t\t<div class=\"elementor-widget-container\">\n\t\t\t\t\t\t\t<div class=\"elementor-divider\">\n\t\t\t<span class=\"elementor-divider-separator\">\n\t\t\t\t\t\t<\/span>\n\t\t<\/div>\n\t\t\t\t\t\t<\/div>\n\t\t\t\t<\/div>\n\t\t\t\t\t<\/div>\n\t\t<\/div>\n\t\t\t\t\t<\/div>\n\t\t<\/section>\n\t\t\t\t<\/div>","protected":false},"excerpt":{"rendered":"<p>Industries Application in small, medium and large industries AerospaceThe aerospace industry is concerned with the design, manufacturing, marketing, and maintenance of aircraft, spacecraft, and rockets, as well as associated specific equipment.AutomotiveThe automotive industry is a group of companies and organizations involved in the areas of design, development, manufacturing, marketing, and sales of automobiles. PlasticThe plastics [&hellip;]<\/p>","protected":false},"author":1,"featured_media":0,"parent":0,"menu_order":0,"comment_status":"closed","ping_status":"closed","template":"","meta":{"footnotes":""},"class_list":["post-1522","page","type-page","status-publish","hentry"],"_links":{"self":[{"href":"https:\/\/acront.com\/es\/wp-json\/wp\/v2\/pages\/1522","targetHints":{"allow":["GET"]}}],"collection":[{"href":"https:\/\/acront.com\/es\/wp-json\/wp\/v2\/pages"}],"about":[{"href":"https:\/\/acront.com\/es\/wp-json\/wp\/v2\/types\/page"}],"author":[{"embeddable":true,"href":"https:\/\/acront.com\/es\/wp-json\/wp\/v2\/users\/1"}],"replies":[{"embeddable":true,"href":"https:\/\/acront.com\/es\/wp-json\/wp\/v2\/comments?post=1522"}],"version-history":[{"count":19,"href":"https:\/\/acront.com\/es\/wp-json\/wp\/v2\/pages\/1522\/revisions"}],"predecessor-version":[{"id":1542,"href":"https:\/\/acront.com\/es\/wp-json\/wp\/v2\/pages\/1522\/revisions\/1542"}],"wp:attachment":[{"href":"https:\/\/acront.com\/es\/wp-json\/wp\/v2\/media?parent=1522"}],"curies":[{"name":"wp","href":"https:\/\/api.w.org\/{rel}","templated":true}]}}